{"id":6276,"date":"2022-07-22T08:14:52","date_gmt":"2022-07-22T06:14:52","guid":{"rendered":"https:\/\/hortetsdeciutat.com\/?page_id=6276"},"modified":"2022-07-22T08:15:15","modified_gmt":"2022-07-22T06:15:15","slug":"politica-de-cookies","status":"publish","type":"page","link":"https:\/\/hortetsdeciutat.com\/ca\/politica-de-cookies\/","title":{"rendered":"Pol\u00edtica de cookies"},"content":{"rendered":"<p>Conforme a lo dispuesto en el art\u00edculo 22.2 de la Ley 34\/2002, de 11 de julio, de Servicios de la Sociedad de la Informaci\u00f3n y de Comercio Electr\u00f3nico (LSSI-CE) vigente, ELS HORTETS DE CIUTAT debe cumplir con la obligaci\u00f3n de informar sobre las cookies que utiliza y sus finalidades. Este sitio web utiliza cookies y\/o tecnolog\u00edas similares que almacenan y recuperan informaci\u00f3n cuando navegas. Las cookies permiten a una p\u00e1gina web, entre otras cosas, almacenar y recuperar informaci\u00f3n sobre los h\u00e1bitos de navegaci\u00f3n de un Usuario o de su equipo y, dependiendo de la informaci\u00f3n que contenga y de la forma en que utilice su equipo, pueden utilizarse para reconocer al Usuario. Las cookies son esenciales para el funcionamiento de internet, aportando innumerables ventajas en la prestaci\u00f3n de servicios interactivos, facilit\u00e1ndole al Usuario la navegaci\u00f3n y usabilidad de nuestra web.\u00a0La informaci\u00f3n que le proporcionamos a continuaci\u00f3n, le ayudar\u00e1 a comprender los diferentes tipos de cookies:<\/p>\n<table class=\"table table-striped\">\n<tbody>\n<tr>\n<td colspan=\"3\" width=\"597\"><strong>TIPOS DE COOKIES<\/strong><\/td>\n<\/tr>\n<tr>\n<td rowspan=\"2\" width=\"162\">\u00a0 \u00a0 <strong>SEG\u00daN LA ENTIDAD QUE LAS GESTIONE<\/strong><\/td>\n<td width=\"180\">COOKIES PROPIAS<\/td>\n<td width=\"255\">Son aquellas que se env\u00edan al equipo terminal del usuario desde un equipo o dominio gestionado por el propio editor y desde el que se presta el servicio solicitado por el usuario<\/td>\n<\/tr>\n<tr>\n<td width=\"180\">COOKIES DE TERCERO<\/td>\n<td width=\"255\">Son aquellas que se env\u00edan al equipo terminal del usuario desde un equipo o dominio que no es gestionado por el editor, sino por otra entidad que trata los datos obtenidos a trav\u00e9s de las cookies.<\/td>\n<\/tr>\n<tr>\n<td rowspan=\"2\" width=\"162\">\u00a0 \u00a0 \u00a0 \u00a0 <strong>SEG\u00daN EL PLAZO DE TIEMPO QUE PERMANEZCAN ACTIVADAS<\/strong><\/td>\n<td width=\"180\">COOKIES DE SESI\u00d3N<\/td>\n<td width=\"255\">Son aquellas dise\u00f1adas para recabar y almacenar datos mientras el usuario accede a una p\u00e1gina web. Se suelen emplear para almacenar informaci\u00f3n que solo interesa conservar para la prestaci\u00f3n del servicio solicitado por el usuario en una sola ocasi\u00f3n (por ejemplo, una lista de productos adquiridos) y desaparecen al terminar la sesi\u00f3n<\/td>\n<\/tr>\n<tr>\n<td width=\"180\">COOKIES PERSISTENTES<\/td>\n<td width=\"255\">Son aquellas en las que los datos siguen almacenados\u00a0 \u00a0en\u00a0 \u00a0el\u00a0\u00a0 terminal\u00a0\u00a0 y\u00a0 \u00a0pueden\u00a0 \u00a0ser accedidos y tratados durante un periodo definido por el responsable de la cookie, y que puede ir de unos minutos a varios a\u00f1os.<\/td>\n<\/tr>\n<tr>\n<td rowspan=\"3\" width=\"162\">\u00a0 \u00a0 \u00a0 \u00a0 <strong>SE<\/strong><strong>G\u00daN SU FINALIDAD<\/strong><\/td>\n<td width=\"180\">COOKIES T\u00c9CNICAS<\/td>\n<td width=\"255\">Son aquellas que permiten\u00a0\u00a0 \u00a0al usuario la navegaci\u00f3n\u00a0 \u00a0a\u00a0\u00a0 trav\u00e9s\u00a0 \u00a0de\u00a0 \u00a0una\u00a0 \u00a0p\u00e1gina\u00a0 \u00a0web, plataforma o aplicaci\u00f3n y la utilizaci\u00f3n de las diferentes opciones o servicios que en ella existan<\/td>\n<\/tr>\n<tr>\n<td width=\"180\">COOKIES DE PERSONALIZACI\u00d3N<\/td>\n<td width=\"255\">Permiten \u00a0aplicar \u00a0caracter\u00edsticas \u00a0propias \u00a0para \u00a0la navegaci\u00f3n del usuario por el website (Ej. idioma).<\/td>\n<\/tr>\n<tr>\n<td width=\"180\">COOKIES DE AN\u00c1LISIS<\/td>\n<td width=\"255\">Son aquellas que permiten al responsable de las mismas el seguimiento y an\u00e1lisis del comportamiento de los usuarios de los sitios web a\u00a0\u00a0 \u00a0los\u00a0\u00a0 \u00a0que\u00a0\u00a0 \u00a0est\u00e1n\u00a0\u00a0 \u00a0vinculadas,\u00a0\u00a0 \u00a0incluida\u00a0\u00a0 \u00a0la Cuantificaci\u00f3n de los impactos de los anuncios. La informaci\u00f3n\u00a0\u00a0 recogida\u00a0\u00a0 mediante\u00a0 \u00a0este\u00a0 \u00a0tipo\u00a0\u00a0 de cookies se utiliza en la medici\u00f3n de la actividad de los sitios web, aplicaci\u00f3n o plataforma, con el fin de introducir mejoras en funci\u00f3n del an\u00e1lisis de los datos de uso que hacen los usuarios del servicio.<\/td>\n<\/tr>\n<tr>\n<td rowspan=\"3\" width=\"162\">\u00a0<\/td>\n<td width=\"180\">\u00a0<\/td>\n<td width=\"255\">\u00a0<\/td>\n<\/tr>\n<tr>\n<td width=\"180\">COOKIES PUBLICITARIAS<\/td>\n<td width=\"255\">Permiten\u00a0\u00a0 al\u00a0 \u00a0editor\u00a0 \u00a0incluir\u00a0 \u00a0en\u00a0\u00a0 la\u00a0 \u00a0p\u00e1gina\u00a0 \u00a0web espacios\u00a0 publicitarios, seg\u00fan el contenido de la propia web.<\/td>\n<\/tr>\n<tr>\n<td width=\"180\">COOKIES DE PUBLICIDAD COMPORTAMENTAL<\/td>\n<td width=\"255\">Son aquellas que almacenan informaci\u00f3n del comportamiento de los usuarios obtenida a trav\u00e9s de la observaci\u00f3n continuada de sus h\u00e1bitos de navegaci\u00f3n, lo que permite desarrollar un perfil espec\u00edfico para mostrar publicidad en funci\u00f3n del mismo.<\/td>\n<\/tr>\n<\/tbody>\n<\/table>\n<p>T\u00e9ngase en cuenta que, si acepta las cookies de terceros, deber\u00e1 eliminarlas desde las opciones del navegador o desde el sistema ofrecido por el propio tercero. A continuaci\u00f3n le proporcionamos los enlaces de diversos navegadores, a trav\u00e9s de los cuales podr\u00e1 modificar la configuraci\u00f3n de su navegador sobre el uso de cookies: <strong><em>Firefox desde aqu\u00ed:\u00a0<\/em><\/strong><em>\u00a0<\/em><a href=\"http:\/\/support.mozilla.org\/es\/kb\/habilitar-y-deshabilitar-cookies-que-los-sitios-we\"><em>h<\/em><em>ttp:\/\/support.mozilla.org\/es\/kb\/habilitar-y-deshabilitar-cookies-que-los-sitios-<\/em><\/a><em><u>we<\/u><\/em> <strong><em>Chrome desde aqu\u00ed:\u00a0<\/em><\/strong><em>\u00a0<\/em><a href=\"http:\/\/support.google.com\/chrome\/bin\/answer.py?hl=es&amp;answer=95647\"><em>h<\/em><em>ttp:\/\/support.google.com\/chrome\/bin\/answer.py?hl=es&amp;answer=9564<\/em><\/a><em><u>7<\/u><\/em> <strong><em>Explorer\u00a0\u00a0\u00a0\u00a0\u00a0\u00a0 \u00a0desde\u00a0\u00a0\u00a0\u00a0\u00a0\u00a0 \u00a0aqu\u00ed:\u00a0\u00a0\u00a0\u00a0\u00a0 \u00a0<\/em><\/strong><em>\u00a0<\/em><a href=\"http:\/\/windows.microsoft.com\/es-es\/internet-explorer\/delete-manage-cookies#ie=ie-10\"><em>h<\/em><em>ttp:\/\/windows.microsoft.com\/es-es\/internet-explorer\/delete-manage<\/em><\/a><em><u>\u2013<\/u><\/em>\u00a0<a href=\"http:\/\/windows.microsoft.com\/es-es\/internet-explorer\/delete-manage-cookies#ie=ie-10\"><em>co<\/em><em>o<\/em><em>ki<\/em><em>e<\/em><em>s#<\/em><em>i<\/em><em>e<\/em><em>=ie-<\/em><\/a><em><u>10<\/u><\/em> <strong><em>Safari desde aqu\u00ed:\u00a0<\/em><\/strong><em>\u00a0<\/em><a href=\"https:\/\/support.apple.com\/kb\/ph17191?locale=es_ES\"><em>h<\/em><em>ttps:\/\/support.apple.com\/kb\/ph17191?locale=es_<\/em><\/a><em><u>ES<\/u><\/em> <strong><em>O<\/em><\/strong><strong><em>pera desde aqu\u00ed:\u00a0<\/em><\/strong><em>\u00a0<\/em><a href=\"https:\/\/help.opera.com\/en\/latest\/web-preferences\/#cookies\"><em>h<\/em><em>ttps:\/\/help.opera.com\/en\/latest\/web-preferences\/#cookie<\/em><\/a><em><u>s<\/u><\/em> Para conocer m\u00e1s informaci\u00f3n sobre el tratamiento de datos personales, le recomendamos visitar nuestro apartado \u201c<u>Pol\u00edtica de Privacidad<\/u>\u201d. <strong><u>\u00da<\/u><\/strong><strong><u>LTIMA ACTUALIZACI\u00d3N<\/u><\/strong><strong>: 17 de mayo de 2022<\/strong><em><br \/><\/em><\/p>\n","protected":false},"excerpt":{"rendered":"<p>Conforme a lo dispuesto en el art\u00edculo 22.2 de la Ley 34\/2002, de 11 de julio, de Servicios de la Sociedad de la Informaci\u00f3n y de Comercio Electr\u00f3nico (LSSI-CE) vigente,&#8230;<\/p>\n","protected":false},"author":1,"featured_media":0,"parent":0,"menu_order":0,"comment_status":"closed","ping_status":"open","template":"","meta":{"inline_featured_image":false,"footnotes":""},"translation":{"provider":"WPGlobus","version":"2.10.1","language":"ca","enabled_languages":["es","ca"],"languages":{"es":{"title":true,"content":true,"excerpt":false},"ca":{"title":true,"content":true,"excerpt":false}}},"_links":{"self":[{"href":"https:\/\/hortetsdeciutat.com\/ca\/wp-json\/wp\/v2\/pages\/6276"}],"collection":[{"href":"https:\/\/hortetsdeciutat.com\/ca\/wp-json\/wp\/v2\/pages"}],"about":[{"href":"https:\/\/hortetsdeciutat.com\/ca\/wp-json\/wp\/v2\/types\/page"}],"author":[{"embeddable":true,"href":"https:\/\/hortetsdeciutat.com\/ca\/wp-json\/wp\/v2\/users\/1"}],"replies":[{"embeddable":true,"href":"https:\/\/hortetsdeciutat.com\/ca\/wp-json\/wp\/v2\/comments?post=6276"}],"version-history":[{"count":2,"href":"https:\/\/hortetsdeciutat.com\/ca\/wp-json\/wp\/v2\/pages\/6276\/revisions"}],"predecessor-version":[{"id":6278,"href":"https:\/\/hortetsdeciutat.com\/ca\/wp-json\/wp\/v2\/pages\/6276\/revisions\/6278"}],"wp:attachment":[{"href":"https:\/\/hortetsdeciutat.com\/ca\/wp-json\/wp\/v2\/media?parent=6276"}],"curies":[{"name":"wp","href":"https:\/\/api.w.org\/{rel}","templated":true}]}}