{"id":6097,"date":"2022-07-14T09:54:42","date_gmt":"2022-07-14T09:54:42","guid":{"rendered":"https:\/\/hortetsdeciutat.com\/?page_id=6097"},"modified":"2022-07-22T10:18:26","modified_gmt":"2022-07-22T08:18:26","slug":"conocenos","status":"publish","type":"page","link":"https:\/\/hortetsdeciutat.com\/ca\/conocenos\/","title":{"rendered":"Coneix-nos"},"content":{"rendered":"[vc_row type=&#8221;full_width_background&#8221; full_screen_row_position=&#8221;middle&#8221; column_margin=&#8221;default&#8221; equal_height=&#8221;yes&#8221; content_placement=&#8221;middle&#8221; column_direction=&#8221;default&#8221; column_direction_tablet=&#8221;default&#8221; column_direction_phone=&#8221;default&#8221; bg_image=&#8221;6111&#8243; bg_position=&#8221;center center&#8221; background_image_loading=&#8221;default&#8221; bg_repeat=&#8221;no-repeat&#8221; scene_position=&#8221;center&#8221; text_color=&#8221;light&#8221; text_align=&#8221;left&#8221; row_border_radius=&#8221;none&#8221; row_border_radius_applies=&#8221;bg&#8221; overflow=&#8221;visible&#8221; color_overlay=&#8221;#3f3f3f&#8221; advanced_gradient_angle=&#8221;0&#8243; overlay_strength=&#8221;0.5&#8243; gradient_direction=&#8221;left_to_right&#8221; shape_divider_position=&#8221;bottom&#8221; bg_image_animation=&#8221;none&#8221; gradient_type=&#8221;default&#8221; shape_type=&#8221;&#8221;][vc_column column_padding=&#8221;no-extra-padding&#8221; column_padding_tablet=&#8221;inherit&#8221; column_padding_phone=&#8221;inherit&#8221; column_padding_position=&#8221;all&#8221; column_element_spacing=&#8221;default&#8221; background_color_opacity=&#8221;1&#8243; background_hover_color_opacity=&#8221;1&#8243; column_shadow=&#8221;none&#8221; column_border_radius=&#8221;none&#8221; column_link_target=&#8221;_self&#8221; column_position=&#8221;default&#8221; gradient_direction=&#8221;left_to_right&#8221; overlay_strength=&#8221;0.3&#8243; width=&#8221;1\/1&#8243; tablet_width_inherit=&#8221;default&#8221; tablet_text_alignment=&#8221;default&#8221; phone_text_alignment=&#8221;default&#8221; animation_type=&#8221;default&#8221; bg_image_animation=&#8221;none&#8221; border_type=&#8221;simple&#8221; column_border_width=&#8221;none&#8221; column_border_style=&#8221;solid&#8221;][divider line_type=&#8221;No Line&#8221; custom_height=&#8221;350&#8243; custom_height_tablet=&#8221;150&#8243; custom_height_phone=&#8221;100&#8243;][vc_column_text css_animation=&#8221;fadeInUpBig&#8221;]\n<h1>Coneix-nos<\/h1>\n<h2>Qui som?<\/h2>\n[\/vc_column_text][divider line_type=&#8221;No Line&#8221; custom_height=&#8221;150&#8243; custom_height_tablet=&#8221;150&#8243; custom_height_phone=&#8221;100&#8243;][\/vc_column][\/vc_row][vc_row type=&#8221;in_container&#8221; full_screen_row_position=&#8221;middle&#8221; column_margin=&#8221;default&#8221; column_direction=&#8221;default&#8221; column_direction_tablet=&#8221;default&#8221; column_direction_phone=&#8221;default&#8221; scene_position=&#8221;center&#8221; top_padding=&#8221;6%&#8221; text_color=&#8221;dark&#8221; text_align=&#8221;left&#8221; row_border_radius=&#8221;none&#8221; row_border_radius_applies=&#8221;bg&#8221; overflow=&#8221;visible&#8221; advanced_gradient_angle=&#8221;0&#8243; overlay_strength=&#8221;0.3&#8243; gradient_direction=&#8221;left_to_right&#8221; shape_divider_position=&#8221;bottom&#8221; bg_image_animation=&#8221;none&#8221; gradient_type=&#8221;default&#8221; shape_type=&#8221;&#8221;][vc_column column_padding=&#8221;no-extra-padding&#8221; column_padding_tablet=&#8221;inherit&#8221; column_padding_phone=&#8221;inherit&#8221; column_padding_position=&#8221;all&#8221; column_element_spacing=&#8221;default&#8221; background_color_opacity=&#8221;1&#8243; background_hover_color_opacity=&#8221;1&#8243; column_shadow=&#8221;none&#8221; column_border_radius=&#8221;none&#8221; column_link_target=&#8221;_self&#8221; column_position=&#8221;default&#8221; gradient_direction=&#8221;left_to_right&#8221; overlay_strength=&#8221;0.3&#8243; width=&#8221;1\/3&#8243; tablet_width_inherit=&#8221;default&#8221; tablet_text_alignment=&#8221;default&#8221; phone_text_alignment=&#8221;default&#8221; animation_type=&#8221;default&#8221; bg_image_animation=&#8221;none&#8221; border_type=&#8221;simple&#8221; column_border_width=&#8221;none&#8221; column_border_style=&#8221;solid&#8221;][image_with_animation image_url=&#8221;6189&#8243; image_size=&#8221;full&#8221; animation_type=&#8221;entrance&#8221; animation=&#8221;Fade In&#8221; hover_animation=&#8221;none&#8221; alignment=&#8221;&#8221; border_radius=&#8221;none&#8221; box_shadow=&#8221;none&#8221; image_loading=&#8221;default&#8221; max_width=&#8221;100%&#8221; max_width_mobile=&#8221;default&#8221;][\/vc_column][vc_column column_padding=&#8221;no-extra-padding&#8221; column_padding_tablet=&#8221;inherit&#8221; column_padding_phone=&#8221;inherit&#8221; column_padding_position=&#8221;all&#8221; column_element_spacing=&#8221;default&#8221; background_color_opacity=&#8221;1&#8243; background_hover_color_opacity=&#8221;1&#8243; column_shadow=&#8221;none&#8221; column_border_radius=&#8221;none&#8221; column_link_target=&#8221;_self&#8221; column_position=&#8221;default&#8221; gradient_direction=&#8221;left_to_right&#8221; overlay_strength=&#8221;0.3&#8243; width=&#8221;2\/3&#8243; tablet_width_inherit=&#8221;default&#8221; tablet_text_alignment=&#8221;default&#8221; phone_text_alignment=&#8221;default&#8221; animation_type=&#8221;default&#8221; bg_image_animation=&#8221;none&#8221; border_type=&#8221;simple&#8221; column_border_width=&#8221;none&#8221; column_border_style=&#8221;solid&#8221;][vc_column_text]<span style=\"font-size: 40px; line-height: 60px;\">\u00a1Hola!<\/span><br \/>\nS\u00f3c na Xisca i durant el confinament em vaig instal\u00b7lar, junt amb la meva fam\u00edlia, a una caseta a fora vila que havia heretat feia poc. Abans, viv\u00edem a una casa amb un pati molt petit dins el poble.<\/p>\n<p>Vaig veure com molta gent que tenia l&#8217;oportunitat va fer el mateix que nosaltres. Per\u00f2 no tothom \u00a0disposa d&#8217; espais a l&#8217;aire lliure i jo m&#8217;he sentit una privilegiada per aquest motiu.<\/p>\n<p>El confinament viscut a causa de la pand\u00e8mia de Covid-19 ha fet que ens replantagem els nostres \u00a0estils de vida i els nostres h\u00e0bits de consum. Ens hem adonat de la import\u00e0ncia i el valor dels espais a l&#8217;aire lliure, de tenir un poquet de terra i tamb\u00e9 de poder conrear els nostres propis aliments per no dependre tant del mercat exterior i con\u00e8ixer els productes que consumim.<\/p>\n<p>Com tenc un terreny que no estava emprant, se me va oc\u00f3rrer llogar-lo perqu\u00e8 la gent hi pugui sembrar els seus horts, al mateix temps que gaudeix d&#8217;estar a l&#8217;aire lliure i en contacte amb \u00a0la natura.<\/p>\n<p>D&#8217;aqu\u00ed la idea de posar a l&#8217;abast de la ciutadania horts per llogar. Horts de 50 m2 o de 25m2 on \u00a0cada persona podr\u00e0 sembrar els seus propis aliments, potenciant m\u00e8todes de cultiu ecol\u00f2gic.<\/p>\n<p>Els horts estan ubicats a la zona de Son Malferit, a una part del que es coneixia com \u201cCan Nofre Serra Nou\u201d. Terres on tradicionalment s\u2019hi conreava horta i que actualment estan desaprofitades.<\/p>\n<p>Tant la meva fam\u00edlia com jo, pensam que \u00e9s important recuperar aquests terrenys i tornar-lis donar vida per tal de garantir la sobirania aliment\u00e0ria i encaminar-nos cap a una societat m\u00e9s conscienciada amb el medi ambient. \u00c9s important per nosaltres el consum d\u2019 aliments de qualitat i de quil\u00f2metre 0. \u00c9s per aix\u00f2 que necessitam tornar a treballar les nostres terres i gaudir dels fruits que ens d\u00f3na.[\/vc_column_text][\/vc_column][\/vc_row]\n","protected":false},"excerpt":{"rendered":"<p>[vc_row type=&#8221;full_width_background&#8221; full_screen_row_position=&#8221;middle&#8221; column_margin=&#8221;default&#8221; equal_height=&#8221;yes&#8221; content_placement=&#8221;middle&#8221; column_direction=&#8221;default&#8221; column_direction_tablet=&#8221;default&#8221; column_direction_phone=&#8221;default&#8221; bg_image=&#8221;6111&#8243; bg_position=&#8221;center center&#8221; background_image_loading=&#8221;default&#8221; bg_repeat=&#8221;no-repeat&#8221; scene_position=&#8221;center&#8221; text_color=&#8221;light&#8221; text_align=&#8221;left&#8221; row_border_radius=&#8221;none&#8221; row_border_radius_applies=&#8221;bg&#8221; overflow=&#8221;visible&#8221; color_overlay=&#8221;#3f3f3f&#8221; advanced_gradient_angle=&#8221;0&#8243; overlay_strength=&#8221;0.5&#8243; gradient_direction=&#8221;left_to_right&#8221; shape_divider_position=&#8221;bottom&#8221; bg_image_animation=&#8221;none&#8221; gradient_type=&#8221;default&#8221; shape_type=&#8221;&#8221;][vc_column column_padding=&#8221;no-extra-padding&#8221; column_padding_tablet=&#8221;inherit&#8221;&#8230;<\/p>\n","protected":false},"author":1,"featured_media":0,"parent":0,"menu_order":0,"comment_status":"closed","ping_status":"closed","template":"","meta":{"inline_featured_image":false,"footnotes":""},"translation":{"provider":"WPGlobus","version":"2.10.1","language":"ca","enabled_languages":["es","ca"],"languages":{"es":{"title":true,"content":true,"excerpt":false},"ca":{"title":true,"content":true,"excerpt":false}}},"_links":{"self":[{"href":"https:\/\/hortetsdeciutat.com\/ca\/wp-json\/wp\/v2\/pages\/6097"}],"collection":[{"href":"https:\/\/hortetsdeciutat.com\/ca\/wp-json\/wp\/v2\/pages"}],"about":[{"href":"https:\/\/hortetsdeciutat.com\/ca\/wp-json\/wp\/v2\/types\/page"}],"author":[{"embeddable":true,"href":"https:\/\/hortetsdeciutat.com\/ca\/wp-json\/wp\/v2\/users\/1"}],"replies":[{"embeddable":true,"href":"https:\/\/hortetsdeciutat.com\/ca\/wp-json\/wp\/v2\/comments?post=6097"}],"version-history":[{"count":33,"href":"https:\/\/hortetsdeciutat.com\/ca\/wp-json\/wp\/v2\/pages\/6097\/revisions"}],"predecessor-version":[{"id":6284,"href":"https:\/\/hortetsdeciutat.com\/ca\/wp-json\/wp\/v2\/pages\/6097\/revisions\/6284"}],"wp:attachment":[{"href":"https:\/\/hortetsdeciutat.com\/ca\/wp-json\/wp\/v2\/media?parent=6097"}],"curies":[{"name":"wp","href":"https:\/\/api.w.org\/{rel}","templated":true}]}}